{"id":289,"date":"2024-04-22T14:06:15","date_gmt":"2024-04-22T14:06:15","guid":{"rendered":"http:\/\/www.lichtblick-seelsorge.de\/?page_id=289"},"modified":"2024-05-02T19:04:46","modified_gmt":"2024-05-02T19:04:46","slug":"willkommen","status":"publish","type":"page","link":"http:\/\/www.lichtblick-seelsorge.de\/","title":{"rendered":"Herzlich Willkommen"},"content":{"rendered":"\t\t<div data-elementor-type=\"wp-page\" data-elementor-id=\"289\" class=\"elementor elementor-289\">\n\t\t\t\t<div class=\"elementor-element elementor-element-852562e e-flex e-con-boxed wpr-particle-no wpr-jarallax-no wpr-parallax-no wpr-sticky-section-no wpr-equal-height-no e-con e-parent\" data-id=\"852562e\" data-element_type=\"container\" data-e-type=\"container\">\n\t\t\t\t\t<div class=\"e-con-inner\">\n\t\t\t\t<div class=\"elementor-element elementor-element-6d36ccb elementor-widget elementor-widget-image\" data-id=\"6d36ccb\" data-element_type=\"widget\" data-e-type=\"widget\" data-widget_type=\"image.default\">\n\t\t\t\t<div class=\"elementor-widget-container\">\n\t\t\t\t\t\t\t\t\t\t\t\t\t\t\t<img fetchpriority=\"high\" fetchpriority=\"high\" decoding=\"async\" width=\"1024\" height=\"584\" src=\"http:\/\/www.lichtblick-seelsorge.de\/wp-content\/uploads\/2023\/12\/cropped-investment-5241253_1920-1024x584.jpg\" class=\"attachment-large size-large wp-image-65\" alt=\"\" srcset=\"http:\/\/www.lichtblick-seelsorge.de\/wp-content\/uploads\/2023\/12\/cropped-investment-5241253_1920-1024x584.jpg 1024w, http:\/\/www.lichtblick-seelsorge.de\/wp-content\/uploads\/2023\/12\/cropped-investment-5241253_1920-300x171.jpg 300w, http:\/\/www.lichtblick-seelsorge.de\/wp-content\/uploads\/2023\/12\/cropped-investment-5241253_1920-768x438.jpg 768w, http:\/\/www.lichtblick-seelsorge.de\/wp-content\/uploads\/2023\/12\/cropped-investment-5241253_1920-1140x650.jpg 1140w, http:\/\/www.lichtblick-seelsorge.de\/wp-content\/uploads\/2023\/12\/cropped-investment-5241253_1920.jpg 1500w\" sizes=\"(max-width: 1024px) 100vw, 1024px\" \/>\t\t\t\t\t\t\t\t\t\t\t\t\t\t\t<\/div>\n\t\t\t\t<\/div>\n\t\t\t\t\t<\/div>\n\t\t\t\t<\/div>\n\t\t<div class=\"elementor-element elementor-element-28d1523 e-con-full e-flex wpr-particle-no wpr-jarallax-no wpr-parallax-no wpr-sticky-section-no wpr-equal-height-no e-con e-parent\" data-id=\"28d1523\" data-element_type=\"container\" data-e-type=\"container\">\n\t\t<div class=\"elementor-element elementor-element-f568a15 e-con-full e-flex wpr-particle-no wpr-jarallax-no wpr-parallax-no wpr-sticky-section-no wpr-equal-height-no e-con e-child\" data-id=\"f568a15\" data-element_type=\"container\" data-e-type=\"container\">\n\t\t\t\t<div class=\"elementor-element elementor-element-82c1d1d elementor-widget elementor-widget-text-editor\" data-id=\"82c1d1d\" data-element_type=\"widget\" data-e-type=\"widget\" data-widget_type=\"text-editor.default\">\n\t\t\t\t<div class=\"elementor-widget-container\">\n\t\t\t\t\t\t\t\t\t<p>Wie sch\u00f6n, dass du vorbei schaust und dich f\u00fcr Seelsorge interessierst. Egal, welche Themen es sind, die dich momentan bewegen, den ersten gro\u00dfen Schritt bist du bereits gegangen, wenn du dich nach Unterst\u00fctzung umschaust.<\/p><p>Wir alle erleben von Zeit zu Zeit st\u00fcrmische Phasen und brauchen einen sicheren Hafen, um unsere Gedanken und Sorgen zu teilen.<\/p><p>Meine Leidenschaft ist es, zuzuh\u00f6ren, zu verstehen und zu unterst\u00fctzen, wenn du dich allein oder \u00fcberfordert f\u00fchlst.<\/p><p>In der Seelsorge stehst du im Mittelpunkt. Die Beratung gibt dir einen gesch\u00fctzten Raum, in dem du dich \u00f6ffnen kannst.<\/p><p>Ganz gleich, welche Herausforderungen oder Fragen dich belasten, Seelsorge kann helfen, neuen Mut zu finden oder eine neue Perspektive zu gewinnen.<\/p><p>Lass uns gemeinsam daran arbeiten, dein Herz zu erleichtern und deine Seele zu st\u00e4rken und Neues wachsen zu sehen.\u00a0<\/p><p>I<span style=\"font-size: 16px; color: var( --e-global-color-text ); font-family: var( --e-global-typography-text-font-family ), Sans-serif; font-weight: var( --e-global-typography-text-font-weight ); text-align: var(--text-align);\">ch freue mich darauf, dich kennen zu lernen!<\/span><\/p>\t\t\t\t\t\t\t\t<\/div>\n\t\t\t\t<\/div>\n\t\t\t\t<\/div>\n\t\t\t\t<\/div>\n\t\t<div class=\"elementor-element elementor-element-0b0da6e e-flex e-con-boxed wpr-particle-no wpr-jarallax-no wpr-parallax-no wpr-sticky-section-no wpr-equal-height-no e-con e-parent\" data-id=\"0b0da6e\" data-element_type=\"container\" data-e-type=\"container\">\n\t\t\t\t\t<div class=\"e-con-inner\">\n\t\t\t\t<div class=\"elementor-element elementor-element-38cac8f elementor-widget elementor-widget-text-editor\" data-id=\"38cac8f\" data-element_type=\"widget\" data-e-type=\"widget\" data-widget_type=\"text-editor.default\">\n\t\t\t\t<div class=\"elementor-widget-container\">\n\t\t\t\t\t\t\t\t\t<p>\u00a0\u00a0 Judith Neukirchner<\/p>\t\t\t\t\t\t\t\t<\/div>\n\t\t\t\t<\/div>\n\t\t\t\t\t<\/div>\n\t\t\t\t<\/div>\n\t\t\t\t<\/div>\n\t\t","protected":false},"excerpt":{"rendered":"<p>Wie sch\u00f6n, dass du vorbei schaust und dich f\u00fcr Seelsorge interessierst. Egal, welche Themen es sind, die dich momentan bewegen, den ersten gro\u00dfen Schritt bist du bereits gegangen, wenn du dich nach Unterst\u00fctzung umschaust. Wir alle erleben von Zeit zu Zeit st\u00fcrmische Phasen und brauchen einen sicheren Hafen, um unsere Gedanken und Sorgen zu teilen. Meine Leidenschaft ist es, zuzuh\u00f6ren, zu verstehen und zu unterst\u00fctzen, wenn du dich allein oder \u00fcberfordert f\u00fchlst. In der Seelsorge stehst du im Mittelpunkt. Die Beratung gibt dir einen gesch\u00fctzten Raum, in dem du dich \u00f6ffnen kannst. Ganz gleich, welche Herausforderungen oder Fragen dich belasten, Seelsorge kann helfen, neuen Mut zu finden oder eine neue Perspektive zu gewinnen. Lass uns gemeinsam daran arbeiten, dein Herz zu erleichtern und deine Seele zu st\u00e4rken und Neues wachsen zu sehen.\u00a0 Ich freue mich darauf, dich kennen zu lernen! \u00a0\u00a0 Judith Neukirchner<\/p>\n","protected":false},"author":2,"featured_media":0,"parent":0,"menu_order":1,"comment_status":"closed","ping_status":"closed","template":"","meta":{"_et_pb_use_builder":"","_et_pb_old_content":"","_et_gb_content_width":"","footnotes":""},"class_list":["post-289","page","type-page","status-publish","hentry"],"_links":{"self":[{"href":"http:\/\/www.lichtblick-seelsorge.de\/index.php?rest_route=\/wp\/v2\/pages\/289","targetHints":{"allow":["GET"]}}],"collection":[{"href":"http:\/\/www.lichtblick-seelsorge.de\/index.php?rest_route=\/wp\/v2\/pages"}],"about":[{"href":"http:\/\/www.lichtblick-seelsorge.de\/index.php?rest_route=\/wp\/v2\/types\/page"}],"author":[{"embeddable":true,"href":"http:\/\/www.lichtblick-seelsorge.de\/index.php?rest_route=\/wp\/v2\/users\/2"}],"replies":[{"embeddable":true,"href":"http:\/\/www.lichtblick-seelsorge.de\/index.php?rest_route=%2Fwp%2Fv2%2Fcomments&post=289"}],"version-history":[{"count":50,"href":"http:\/\/www.lichtblick-seelsorge.de\/index.php?rest_route=\/wp\/v2\/pages\/289\/revisions"}],"predecessor-version":[{"id":541,"href":"http:\/\/www.lichtblick-seelsorge.de\/index.php?rest_route=\/wp\/v2\/pages\/289\/revisions\/541"}],"wp:attachment":[{"href":"http:\/\/www.lichtblick-seelsorge.de\/index.php?rest_route=%2Fwp%2Fv2%2Fmedia&parent=289"}],"curies":[{"name":"wp","href":"https:\/\/api.w.org\/{rel}","templated":true}]}}